{"id":1911,"date":"2025-10-20T11:09:50","date_gmt":"2025-10-20T11:09:50","guid":{"rendered":"https:\/\/aldojarvsoo.com\/custom-orders\/"},"modified":"2025-10-24T09:46:05","modified_gmt":"2025-10-24T09:46:05","slug":"custom-orders","status":"publish","type":"page","link":"https:\/\/aldojarvsoo.com\/en\/custom-orders\/","title":{"rendered":"Custom Orders"},"content":{"rendered":"\t\t<div data-elementor-type=\"wp-page\" data-elementor-id=\"1911\" class=\"elementor elementor-1911 elementor-1737\" data-elementor-post-type=\"page\">\n\t\t\t\t<div class=\"elementor-element elementor-element-c9fc443 e-flex e-con-boxed e-con e-parent\" data-id=\"c9fc443\" data-element_type=\"container\" data-e-type=\"container\">\n\t\t\t\t\t<div class=\"e-con-inner\">\n\t\t<div class=\"elementor-element elementor-element-d01afe3 e-con-full e-flex e-con e-child\" data-id=\"d01afe3\" data-element_type=\"container\" data-e-type=\"container\">\n\t\t\t\t<div class=\"elementor-element elementor-element-e1dd5ed elementor-widget elementor-widget-image\" data-id=\"e1dd5ed\" data-element_type=\"widget\" data-e-type=\"widget\" data-widget_type=\"image.default\">\n\t\t\t\t<div class=\"elementor-widget-container\">\n\t\t\t\t\t\t\t\t\t\t\t\t<figure class=\"wp-caption\">\n\t\t\t\t\t\t\t\t\t\t<img fetchpriority=\"high\" decoding=\"async\" width=\"724\" height=\"1024\" src=\"https:\/\/aldojarvsoo.com\/wp-content\/uploads\/2025\/10\/Kroot_Tarkmeel_Photography-0345-724x1024.jpg\" class=\"attachment-large size-large wp-image-1910\" alt=\"\" srcset=\"https:\/\/aldojarvsoo.com\/wp-content\/uploads\/2025\/10\/Kroot_Tarkmeel_Photography-0345-724x1024.jpg 724w, https:\/\/aldojarvsoo.com\/wp-content\/uploads\/2025\/10\/Kroot_Tarkmeel_Photography-0345-900x1273.jpg 900w, https:\/\/aldojarvsoo.com\/wp-content\/uploads\/2025\/10\/Kroot_Tarkmeel_Photography-0345-212x300.jpg 212w, https:\/\/aldojarvsoo.com\/wp-content\/uploads\/2025\/10\/Kroot_Tarkmeel_Photography-0345-768x1086.jpg 768w, https:\/\/aldojarvsoo.com\/wp-content\/uploads\/2025\/10\/Kroot_Tarkmeel_Photography-0345-1086x1536.jpg 1086w, https:\/\/aldojarvsoo.com\/wp-content\/uploads\/2025\/10\/Kroot_Tarkmeel_Photography-0345-1448x2048.jpg 1448w, https:\/\/aldojarvsoo.com\/wp-content\/uploads\/2025\/10\/Kroot_Tarkmeel_Photography-0345.jpg 1697w\" sizes=\"(max-width: 724px) 100vw, 724px\" \/>\t\t\t\t\t\t\t\t\t\t\t<figcaption class=\"widget-image-caption wp-caption-text\">Photo: Kr\u00f5\u00f5t Tarkmeel<\/figcaption>\n\t\t\t\t\t\t\t\t\t\t<\/figure>\n\t\t\t\t\t\t\t\t\t<\/div>\n\t\t\t\t<\/div>\n\t\t\t\t<\/div>\n\t\t<div class=\"elementor-element elementor-element-e63f6bf e-con-full e-flex e-con e-child\" data-id=\"e63f6bf\" data-element_type=\"container\" data-e-type=\"container\">\n\t\t\t\t<div class=\"elementor-element elementor-element-c197f9d elementor-widget elementor-widget-text-editor\" data-id=\"c197f9d\" data-element_type=\"widget\" data-e-type=\"widget\" data-widget_type=\"text-editor.default\">\n\t\t\t\t<div class=\"elementor-widget-container\">\n\t\t\t\t\t\t\t\t\t<h1>Custom Orders<\/h1>\t\t\t\t\t\t\t\t<\/div>\n\t\t\t\t<\/div>\n\t\t\t\t<div class=\"elementor-element elementor-element-48efe7e elementor-widget elementor-widget-text-editor\" data-id=\"48efe7e\" data-element_type=\"widget\" data-e-type=\"widget\" data-widget_type=\"text-editor.default\">\n\t\t\t\t<div class=\"elementor-widget-container\">\n\t\t\t\t\t\t\t\t\t<p>Aldo J\u00e4rvsoo\u2019s creations can be custom ordered for various formal occasions, tailored to your individual wishes and measurements. For wedding dresses, please allow approximately 3 weeks to 3 months for completion, while formal dresses are usually made within 1 month. <\/p>\n<p>All designs are handcrafted on-site at the Roosikrantsi 15 studio, using high-quality fabrics from Europe\u2019s finest textile producers.<\/p>\n<p>Book an appointment info@aldojarvsoo.com.<\/p>\t\t\t\t\t\t\t\t<\/div>\n\t\t\t\t<\/div>\n\t\t\t\t<\/div>\n\t\t\t\t\t<\/div>\n\t\t\t\t<\/div>\n\t\t\t\t<\/div>\n\t\t","protected":false},"excerpt":{"rendered":"<p>Photo: Kr\u00f5\u00f5t Tarkmeel Custom Orders Aldo J\u00e4rvsoo\u2019s creations can be custom ordered for various formal occasions, tailored to your individual [&hellip;]<\/p>\n","protected":false},"author":1,"featured_media":0,"parent":0,"menu_order":0,"comment_status":"closed","ping_status":"closed","template":"","meta":{"site-sidebar-layout":"no-sidebar","site-content-layout":"","ast-site-content-layout":"full-width-container","site-content-style":"default","site-sidebar-style":"default","ast-global-header-display":"","ast-banner-title-visibility":"","ast-main-header-display":"","ast-hfb-above-header-display":"","ast-hfb-below-header-display":"","ast-hfb-mobile-header-display":"","site-post-title":"disabled","ast-breadcrumbs-content":"","ast-featured-img":"disabled","footer-sml-layout":"","ast-disable-related-posts":"","theme-transparent-header-meta":"default","adv-header-id-meta":"","stick-header-meta":"default","header-above-stick-meta":"","header-main-stick-meta":"","header-below-stick-meta":"","astra-migrate-meta-layouts":"default","ast-page-background-enabled":"default","ast-page-background-meta":{"desktop":{"background-color":"var(--ast-global-color-5)","background-image":"","background-repeat":"repeat","background-position":"center center","background-size":"auto","background-attachment":"scroll","background-type":"","background-media":"","overlay-type":"","overlay-color":"","overlay-opacity":"","overlay-gradient":""},"tablet":{"background-color":"","background-image":"","background-repeat":"repeat","background-position":"center center","background-size":"auto","background-attachment":"scroll","background-type":"","background-media":"","overlay-type":"","overlay-color":"","overlay-opacity":"","overlay-gradient":""},"mobile":{"background-color":"","background-image":"","background-repeat":"repeat","background-position":"center center","background-size":"auto","background-attachment":"scroll","background-type":"","background-media":"","overlay-type":"","overlay-color":"","overlay-opacity":"","overlay-gradient":""}},"ast-content-background-meta":{"desktop":{"background-color":"var(--ast-global-color-4)","background-image":"","background-repeat":"repeat","background-position":"center center","background-size":"auto","background-attachment":"scroll","background-type":"","background-media":"","overlay-type":"","overlay-color":"","overlay-opacity":"","overlay-gradient":""},"tablet":{"background-color":"var(--ast-global-color-4)","background-image":"","background-repeat":"repeat","background-position":"center center","background-size":"auto","background-attachment":"scroll","background-type":"","background-media":"","overlay-type":"","overlay-color":"","overlay-opacity":"","overlay-gradient":""},"mobile":{"background-color":"var(--ast-global-color-4)","background-image":"","background-repeat":"repeat","background-position":"center center","background-size":"auto","background-attachment":"scroll","background-type":"","background-media":"","overlay-type":"","overlay-color":"","overlay-opacity":"","overlay-gradient":""}},"footnotes":""},"class_list":["post-1911","page","type-page","status-publish","hentry"],"_links":{"self":[{"href":"https:\/\/aldojarvsoo.com\/en\/wp-json\/wp\/v2\/pages\/1911","targetHints":{"allow":["GET"]}}],"collection":[{"href":"https:\/\/aldojarvsoo.com\/en\/wp-json\/wp\/v2\/pages"}],"about":[{"href":"https:\/\/aldojarvsoo.com\/en\/wp-json\/wp\/v2\/types\/page"}],"author":[{"embeddable":true,"href":"https:\/\/aldojarvsoo.com\/en\/wp-json\/wp\/v2\/users\/1"}],"replies":[{"embeddable":true,"href":"https:\/\/aldojarvsoo.com\/en\/wp-json\/wp\/v2\/comments?post=1911"}],"version-history":[{"count":1,"href":"https:\/\/aldojarvsoo.com\/en\/wp-json\/wp\/v2\/pages\/1911\/revisions"}],"predecessor-version":[{"id":1914,"href":"https:\/\/aldojarvsoo.com\/en\/wp-json\/wp\/v2\/pages\/1911\/revisions\/1914"}],"wp:attachment":[{"href":"https:\/\/aldojarvsoo.com\/en\/wp-json\/wp\/v2\/media?parent=1911"}],"curies":[{"name":"wp","href":"https:\/\/api.w.org\/{rel}","templated":true}]}}