{"id":1916,"date":"2025-10-20T11:12:44","date_gmt":"2025-10-20T11:12:44","guid":{"rendered":"https:\/\/aldojarvsoo.com\/about\/"},"modified":"2025-10-24T09:53:18","modified_gmt":"2025-10-24T09:53:18","slug":"about","status":"publish","type":"page","link":"https:\/\/aldojarvsoo.com\/en\/about\/","title":{"rendered":"About"},"content":{"rendered":"\t\t<div data-elementor-type=\"wp-page\" data-elementor-id=\"1916\" class=\"elementor elementor-1916 elementor-1742\" data-elementor-post-type=\"page\">\n\t\t\t\t<div class=\"elementor-element elementor-element-2347852 e-flex e-con-boxed e-con e-parent\" data-id=\"2347852\" data-element_type=\"container\" data-e-type=\"container\">\n\t\t\t\t\t<div class=\"e-con-inner\">\n\t\t<div class=\"elementor-element elementor-element-5891ced e-con-full e-flex e-con e-child\" data-id=\"5891ced\" data-element_type=\"container\" data-e-type=\"container\">\n\t\t\t\t<div class=\"elementor-element elementor-element-41d6968 elementor-widget elementor-widget-image\" data-id=\"41d6968\" data-element_type=\"widget\" data-e-type=\"widget\" data-widget_type=\"image.default\">\n\t\t\t\t<div class=\"elementor-widget-container\">\n\t\t\t\t\t\t\t\t\t\t\t\t<figure class=\"wp-caption\">\n\t\t\t\t\t\t\t\t\t\t<img fetchpriority=\"high\" decoding=\"async\" width=\"724\" height=\"1024\" src=\"https:\/\/aldojarvsoo.com\/wp-content\/uploads\/2025\/10\/utf-8Foto-Kroot-Tarkmeel-724x1024.jpeg\" class=\"attachment-large size-large wp-image-1915\" alt=\"\" srcset=\"https:\/\/aldojarvsoo.com\/wp-content\/uploads\/2025\/10\/utf-8Foto-Kroot-Tarkmeel-724x1024.jpeg 724w, https:\/\/aldojarvsoo.com\/wp-content\/uploads\/2025\/10\/utf-8Foto-Kroot-Tarkmeel-900x1273.jpeg 900w, https:\/\/aldojarvsoo.com\/wp-content\/uploads\/2025\/10\/utf-8Foto-Kroot-Tarkmeel-212x300.jpeg 212w, https:\/\/aldojarvsoo.com\/wp-content\/uploads\/2025\/10\/utf-8Foto-Kroot-Tarkmeel-768x1086.jpeg 768w, https:\/\/aldojarvsoo.com\/wp-content\/uploads\/2025\/10\/utf-8Foto-Kroot-Tarkmeel-1086x1536.jpeg 1086w, https:\/\/aldojarvsoo.com\/wp-content\/uploads\/2025\/10\/utf-8Foto-Kroot-Tarkmeel-1448x2048.jpeg 1448w, https:\/\/aldojarvsoo.com\/wp-content\/uploads\/2025\/10\/utf-8Foto-Kroot-Tarkmeel.jpeg 1697w\" sizes=\"(max-width: 724px) 100vw, 724px\" \/>\t\t\t\t\t\t\t\t\t\t\t<figcaption class=\"widget-image-caption wp-caption-text\">Photo: Kr\u00f5\u00f5t Tarkmeel<\/figcaption>\n\t\t\t\t\t\t\t\t\t\t<\/figure>\n\t\t\t\t\t\t\t\t\t<\/div>\n\t\t\t\t<\/div>\n\t\t\t\t<\/div>\n\t\t<div class=\"elementor-element elementor-element-0255963 e-con-full e-flex e-con e-child\" data-id=\"0255963\" data-element_type=\"container\" data-e-type=\"container\">\n\t\t\t\t<div class=\"elementor-element elementor-element-087f57e elementor-widget elementor-widget-text-editor\" data-id=\"087f57e\" data-element_type=\"widget\" data-e-type=\"widget\" data-widget_type=\"text-editor.default\">\n\t\t\t\t<div class=\"elementor-widget-container\">\n\t\t\t\t\t\t\t\t\t<h1>Aldo J\u00e4rvsoo<\/h1>\t\t\t\t\t\t\t\t<\/div>\n\t\t\t\t<\/div>\n\t\t\t\t<div class=\"elementor-element elementor-element-9664fa4 elementor-widget elementor-widget-text-editor\" data-id=\"9664fa4\" data-element_type=\"widget\" data-e-type=\"widget\" data-widget_type=\"text-editor.default\">\n\t\t\t\t<div class=\"elementor-widget-container\">\n\t\t\t\t\t\t\t\t\t<p style=\"font-weight: 400;\">began his fashion journey at the age of 17, and over time fashion became an inseparable part of his life \u2013 a love for style and its wearer that remains an undying passion.<\/p><p style=\"font-weight: 400;\">He has been awarded Estonia\u2019s top fashion design prizes, the Silver Needle (H\u00f5ben\u00f5el) and the Golden Needle (Kuldn\u00f5el), and has twice won the Supernoova competition as well as three times the IN Fashion Award. For his dedication to preserving Estonian folk art, he has also been honored with the title Heritage Keeper (P\u00e4randihoidja).<\/p><p style=\"font-weight: 400;\">Throughout his 30-year creative career, Aldo has represented Estonian fashion with shows in Italy, France, Latvia, Sweden, Luxembourg, the Netherlands, Belgium, Austria, Germany, and Portugal.<\/p><p><span style=\"font-weight: 400;\">In his daily work, Aldo is a fashion designer at the Embassy of Fashion collective, as well as a freelance costume designer for numerous film and theater projects. He is also the founder and artistic director of Tallinn Fashion Week.<\/span><\/p>\t\t\t\t\t\t\t\t<\/div>\n\t\t\t\t<\/div>\n\t\t\t\t<\/div>\n\t\t\t\t\t<\/div>\n\t\t\t\t<\/div>\n\t\t\t\t<\/div>\n\t\t","protected":false},"excerpt":{"rendered":"<p>Photo: Kr\u00f5\u00f5t Tarkmeel Aldo J\u00e4rvsoo began his fashion journey at the age of 17, and over time fashion became an [&hellip;]<\/p>\n","protected":false},"author":1,"featured_media":0,"parent":0,"menu_order":0,"comment_status":"closed","ping_status":"closed","template":"","meta":{"site-sidebar-layout":"no-sidebar","site-content-layout":"","ast-site-content-layout":"full-width-container","site-content-style":"default","site-sidebar-style":"default","ast-global-header-display":"","ast-banner-title-visibility":"","ast-main-header-display":"","ast-hfb-above-header-display":"","ast-hfb-below-header-display":"","ast-hfb-mobile-header-display":"","site-post-title":"disabled","ast-breadcrumbs-content":"","ast-featured-img":"disabled","footer-sml-layout":"","ast-disable-related-posts":"","theme-transparent-header-meta":"default","adv-header-id-meta":"","stick-header-meta":"default","header-above-stick-meta":"","header-main-stick-meta":"","header-below-stick-meta":"","astra-migrate-meta-layouts":"default","ast-page-background-enabled":"default","ast-page-background-meta":{"desktop":{"background-color":"var(--ast-global-color-5)","background-image":"","background-repeat":"repeat","background-position":"center center","background-size":"auto","background-attachment":"scroll","background-type":"","background-media":"","overlay-type":"","overlay-color":"","overlay-opacity":"","overlay-gradient":""},"tablet":{"background-color":"","background-image":"","background-repeat":"repeat","background-position":"center center","background-size":"auto","background-attachment":"scroll","background-type":"","background-media":"","overlay-type":"","overlay-color":"","overlay-opacity":"","overlay-gradient":""},"mobile":{"background-color":"","background-image":"","background-repeat":"repeat","background-position":"center center","background-size":"auto","background-attachment":"scroll","background-type":"","background-media":"","overlay-type":"","overlay-color":"","overlay-opacity":"","overlay-gradient":""}},"ast-content-background-meta":{"desktop":{"background-color":"var(--ast-global-color-4)","background-image":"","background-repeat":"repeat","background-position":"center center","background-size":"auto","background-attachment":"scroll","background-type":"","background-media":"","overlay-type":"","overlay-color":"","overlay-opacity":"","overlay-gradient":""},"tablet":{"background-color":"var(--ast-global-color-4)","background-image":"","background-repeat":"repeat","background-position":"center center","background-size":"auto","background-attachment":"scroll","background-type":"","background-media":"","overlay-type":"","overlay-color":"","overlay-opacity":"","overlay-gradient":""},"mobile":{"background-color":"var(--ast-global-color-4)","background-image":"","background-repeat":"repeat","background-position":"center center","background-size":"auto","background-attachment":"scroll","background-type":"","background-media":"","overlay-type":"","overlay-color":"","overlay-opacity":"","overlay-gradient":""}},"footnotes":""},"class_list":["post-1916","page","type-page","status-publish","hentry"],"_links":{"self":[{"href":"https:\/\/aldojarvsoo.com\/en\/wp-json\/wp\/v2\/pages\/1916","targetHints":{"allow":["GET"]}}],"collection":[{"href":"https:\/\/aldojarvsoo.com\/en\/wp-json\/wp\/v2\/pages"}],"about":[{"href":"https:\/\/aldojarvsoo.com\/en\/wp-json\/wp\/v2\/types\/page"}],"author":[{"embeddable":true,"href":"https:\/\/aldojarvsoo.com\/en\/wp-json\/wp\/v2\/users\/1"}],"replies":[{"embeddable":true,"href":"https:\/\/aldojarvsoo.com\/en\/wp-json\/wp\/v2\/comments?post=1916"}],"version-history":[{"count":1,"href":"https:\/\/aldojarvsoo.com\/en\/wp-json\/wp\/v2\/pages\/1916\/revisions"}],"predecessor-version":[{"id":1917,"href":"https:\/\/aldojarvsoo.com\/en\/wp-json\/wp\/v2\/pages\/1916\/revisions\/1917"}],"wp:attachment":[{"href":"https:\/\/aldojarvsoo.com\/en\/wp-json\/wp\/v2\/media?parent=1916"}],"curies":[{"name":"wp","href":"https:\/\/api.w.org\/{rel}","templated":true}]}}